{"id":1230,"date":"2025-07-06T20:31:00","date_gmt":"2025-07-06T20:31:00","guid":{"rendered":"https:\/\/conseko.rs\/?page_id=1230"},"modified":"2025-07-13T16:45:35","modified_gmt":"2025-07-13T14:45:35","slug":"neprekidno-napajanje","status":"publish","type":"page","link":"https:\/\/conseko.rs\/en\/neprekidno-napajanje\/","title":{"rendered":"Uninterrupted power supply"},"content":{"rendered":"<div data-elementor-type=\"wp-page\" data-elementor-id=\"1230\" class=\"elementor elementor-1230\">\n\t\t\t\t\t\t<section class=\"elementor-section elementor-top-section elementor-element elementor-element-6b994af7 elementor-section-full_width elementor-section-height-default elementor-section-height-default\" data-id=\"6b994af7\" data-element_type=\"section\" data-settings=\"{&quot;background_background&quot;:&quot;classic&quot;}\">\n\t\t\t\t\t\t\t<div class=\"elementor-background-overlay\"><\/div>\n\t\t\t\t\t\t\t<div class=\"elementor-container elementor-column-gap-default\">\n\t\t\t\t\t<div class=\"elementor-column elementor-col-100 elementor-top-column elementor-element elementor-element-56be3576\" data-id=\"56be3576\" data-element_type=\"column\">\n\t\t\t<div class=\"elementor-widget-wrap elementor-element-populated\">\n\t\t\t\t\t\t<div class=\"elementor-element elementor-element-3f40dfb1 elementor-invisible elementor-widget elementor-widget-heading\" data-id=\"3f40dfb1\" data-element_type=\"widget\" data-settings=\"{&quot;_animation&quot;:&quot;fadeInUp&quot;,&quot;_animation_delay&quot;:200}\" data-widget_type=\"heading.default\">\n\t\t\t\t<div class=\"elementor-widget-container\">\n\t\t\t\t\t<h2 class=\"elementor-heading-title elementor-size-default\">Uninterrupted power supply<\/h2>\t\t\t\t<\/div>\n\t\t\t\t<\/div>\n\t\t\t\t\t<\/div>\n\t\t<\/div>\n\t\t\t\t\t<\/div>\n\t\t<\/section>\n\t\t\t\t<section class=\"elementor-section elementor-top-section elementor-element elementor-element-b657a41 elementor-reverse-tablet elementor-reverse-mobile elementor-section-boxed elementor-section-height-default elementor-section-height-default\" data-id=\"b657a41\" data-element_type=\"section\">\n\t\t\t\t\t\t<div class=\"elementor-container elementor-column-gap-default\">\n\t\t\t\t\t<div class=\"elementor-column elementor-col-50 elementor-top-column elementor-element elementor-element-7b361d5 elementor-invisible\" data-id=\"7b361d5\" data-element_type=\"column\" data-settings=\"{&quot;background_background&quot;:&quot;classic&quot;,&quot;animation&quot;:&quot;fadeInLeft&quot;,&quot;animation_delay&quot;:200}\">\n\t\t\t<div class=\"elementor-widget-wrap elementor-element-populated\">\n\t\t\t\t\t\t<div class=\"elementor-element elementor-element-640cb95 elementor-widget elementor-widget-image\" data-id=\"640cb95\" data-element_type=\"widget\" data-widget_type=\"image.default\">\n\t\t\t\t<div class=\"elementor-widget-container\">\n\t\t\t\t\t\t\t\t\t\t\t\t\t\t\t<img fetchpriority=\"high\" decoding=\"async\" width=\"912\" height=\"1008\" src=\"https:\/\/conseko.rs\/wp-content\/uploads\/2025\/07\/solarne-elektrane-1.webp\" class=\"attachment-full size-full wp-image-667\" alt=\"monta\u017ea solarnih panela\" srcset=\"https:\/\/conseko.rs\/wp-content\/uploads\/2025\/07\/solarne-elektrane-1.webp 912w, https:\/\/conseko.rs\/wp-content\/uploads\/2025\/07\/solarne-elektrane-1-271x300.webp 271w, https:\/\/conseko.rs\/wp-content\/uploads\/2025\/07\/solarne-elektrane-1-768x849.webp 768w\" sizes=\"(max-width: 912px) 100vw, 912px\" \/>\t\t\t\t\t\t\t\t\t\t\t\t\t\t\t<\/div>\n\t\t\t\t<\/div>\n\t\t\t\t\t<\/div>\n\t\t<\/div>\n\t\t\t\t<div class=\"elementor-column elementor-col-50 elementor-top-column elementor-element elementor-element-44e41ab\" data-id=\"44e41ab\" data-element_type=\"column\">\n\t\t\t<div class=\"elementor-widget-wrap elementor-element-populated\">\n\t\t\t\t\t\t<div class=\"elementor-element elementor-element-8838c75 elementor-invisible elementor-widget elementor-widget-heading\" data-id=\"8838c75\" data-element_type=\"widget\" data-settings=\"{&quot;_animation&quot;:&quot;fadeInUp&quot;,&quot;_animation_delay&quot;:300}\" data-widget_type=\"heading.default\">\n\t\t\t\t<div class=\"elementor-widget-container\">\n\t\t\t\t\t<h2 class=\"elementor-heading-title elementor-size-default\">Neprekidno vi\u0161e\u010dasovno napajanje<\/h2>\t\t\t\t<\/div>\n\t\t\t\t<\/div>\n\t\t\t\t<div class=\"elementor-element elementor-element-d347cc3 elementor-invisible elementor-widget elementor-widget-text-editor\" data-id=\"d347cc3\" data-element_type=\"widget\" data-settings=\"{&quot;_animation&quot;:&quot;fadeInUp&quot;,&quot;_animation_delay&quot;:400}\" data-widget_type=\"text-editor.default\">\n\t\t\t\t<div class=\"elementor-widget-container\">\n\t\t\t\t\t\t\t\t\t<p id=\"87bf-ea78-5f6b-d17c\">Nestanak struje danas nije tolika retkost, posebno u uslovima vremenskih nepogoda. Conseko d.o.o. izra\u0111uje i nudi re\u0161enja za rezervno neprekidno napajanje i skladi\u0161tenje energije za vi\u0161e\u010dasovni rad bez struje.<\/p><p id=\"0a04-88f3-3ba4-3fb5\">Rezerva energije u sistemu za neprekidno napajanje, omogu\u0107uje kori\u0161\u0107enje elektri\u010dnih ure\u0111aja kada nastupi nestanak struje. Sistemi koje nudimo izme\u0111u ostalog omogu\u0107uju:<\/p><ul id=\"0a04-88f3-3ba4-3fb5\"><li>vi\u0161e\u010dasovno neprekidno napajanje elektri\u010dnih ure\u0111aja kada nastupi nestanak struje<\/li><li>automatski prelazak na rezervno napajanje, pri nestanku struje<\/li><li>smanjenje optere\u0107enja glavnog izvora (mre\u017ee ili agregata)<\/li><li>za\u0161titu od prenapona<\/li><li>stabilizaciju napona<\/li><li>ubla\u017eavanje maksimalnih optere\u0107enja izvora<\/li><\/ul><p id=\"0a04-88f3-3ba4-3fb5\">Nestanak struje na mre\u017ei de\u0161ava se naj\u010de\u0161\u0107e jer su:<\/p><ul id=\"0a04-88f3-3ba4-3fb5\"><li>planirana isklju\u010denja struje<\/li><li>kvarovi na elektri\u010dnoj mre\u017ei<\/li><\/ul>\t\t\t\t\t\t\t\t<\/div>\n\t\t\t\t<\/div>\n\t\t\t\t\t<\/div>\n\t\t<\/div>\n\t\t\t\t\t<\/div>\n\t\t<\/section>\n\t\t\t\t<section class=\"elementor-section elementor-top-section elementor-element elementor-element-5acf8ef elementor-section-boxed elementor-section-height-default elementor-section-height-default\" data-id=\"5acf8ef\" data-element_type=\"section\">\n\t\t\t\t\t\t<div class=\"elementor-container elementor-column-gap-default\">\n\t\t\t\t\t<div class=\"elementor-column elementor-col-50 elementor-top-column elementor-element elementor-element-f4f05cb\" data-id=\"f4f05cb\" data-element_type=\"column\">\n\t\t\t<div class=\"elementor-widget-wrap elementor-element-populated\">\n\t\t\t\t\t\t<div class=\"elementor-element elementor-element-557401f elementor-invisible elementor-widget elementor-widget-heading\" data-id=\"557401f\" data-element_type=\"widget\" data-settings=\"{&quot;_animation&quot;:&quot;fadeInUp&quot;,&quot;_animation_delay&quot;:300}\" data-widget_type=\"heading.default\">\n\t\t\t\t<div class=\"elementor-widget-container\">\n\t\t\t\t\t<h2 class=\"elementor-heading-title elementor-size-default\">Re\u0161enja za rezervno besprekidno napajanje kod nestanka struje<\/h2>\t\t\t\t<\/div>\n\t\t\t\t<\/div>\n\t\t\t\t<div class=\"elementor-element elementor-element-bfa90c3 elementor-invisible elementor-widget elementor-widget-text-editor\" data-id=\"bfa90c3\" data-element_type=\"widget\" data-settings=\"{&quot;_animation&quot;:&quot;fadeInUp&quot;,&quot;_animation_delay&quot;:300}\" data-widget_type=\"text-editor.default\">\n\t\t\t\t<div class=\"elementor-widget-container\">\n\t\t\t\t\t\t\t\t\t<p id=\"0a04-88f3-3ba4-3fb5\">Conseko d.o.o. izra\u0111uje i nudi re\u0161enja za besprekidno napajanje prema Va\u0161im potrebama. Nudimo re\u0161enja za neprekidno napajanje od povoljnih do profesionalnih re\u0161enja.<\/p><p id=\"0a04-88f3-3ba4-3fb5\">Za razliku od standardnih UPS ure\u0111aja koji nakratko vreme spre\u010davaju gubitak podataka ili kvar opreme pri nestanku struje, rezervno napajanje tokom vi\u0161e \u010dasova obezbe\u0111uje:<\/p><ul id=\"0a04-88f3-3ba4-3fb5\"><li>neprekidno snabdevanje elektri\u010dnom energijom<\/li><li>kontinuitet pru\u017eanja usluga klijentima<\/li><li>o\u010duvanje produktivnosti rada<\/li><li>isporuku usluga na vreme.<\/li><\/ul><p id=\"0a04-88f3-3ba4-3fb5\">Skladi\u0161tenje energije u baterijama obezbe\u0111uje autonomiju neprekidnog rada ure\u0111aja od 3h do 2 dana. Od 2008. godine proizvodimo sisteme nezavisnog napajanja. Nekoliko standardnih re\u0161enja je ponu\u0111eno, prema maksimalnoj snazi potro\u0161a\u010da i energiji autonomije. U okviru na\u0161ih sistema ugra\u0111uju se visokokvalitetni pretvara\u010di energije iz baterija.<\/p><p id=\"0a04-88f3-3ba4-3fb5\">Sa kapacitetima energije koji se kre\u0107u od 1,5 kWh do 24.000 kWh i do 6000 ciklusa pra\u017enjenja baterija, sistemi za neprekidno napajanje omogu\u0107uju najvi\u0161i nivo nezavisnosti od mre\u017ee.<\/p><p id=\"0a04-88f3-3ba4-3fb5\">Dodatno produ\u017eenje nezavisnosti sistema mogu\u0107e je postavljanjem solarnih panela.<\/p>\t\t\t\t\t\t\t\t<\/div>\n\t\t\t\t<\/div>\n\t\t\t\t\t<\/div>\n\t\t<\/div>\n\t\t\t\t<div class=\"elementor-column elementor-col-50 elementor-top-column elementor-element elementor-element-805a7ed elementor-invisible\" data-id=\"805a7ed\" data-element_type=\"column\" data-settings=\"{&quot;animation&quot;:&quot;fadeInRight&quot;,&quot;animation_delay&quot;:300}\">\n\t\t\t<div class=\"elementor-widget-wrap elementor-element-populated\">\n\t\t\t\t\t\t<div class=\"elementor-element elementor-element-a97fa92 elementor-widget elementor-widget-image\" data-id=\"a97fa92\" data-element_type=\"widget\" data-widget_type=\"image.default\">\n\t\t\t\t<div class=\"elementor-widget-container\">\n\t\t\t\t\t\t\t\t\t\t\t\t\t\t\t<img decoding=\"async\" width=\"912\" height=\"1008\" src=\"https:\/\/conseko.rs\/wp-content\/uploads\/2025\/07\/komercijalne-solarne-elektrane.webp\" class=\"attachment-full size-full wp-image-672\" alt=\"Solarne elektrane klju\u010d u ruke\" srcset=\"https:\/\/conseko.rs\/wp-content\/uploads\/2025\/07\/komercijalne-solarne-elektrane.webp 912w, https:\/\/conseko.rs\/wp-content\/uploads\/2025\/07\/komercijalne-solarne-elektrane-271x300.webp 271w, https:\/\/conseko.rs\/wp-content\/uploads\/2025\/07\/komercijalne-solarne-elektrane-768x849.webp 768w\" sizes=\"(max-width: 912px) 100vw, 912px\" \/>\t\t\t\t\t\t\t\t\t\t\t\t\t\t\t<\/div>\n\t\t\t\t<\/div>\n\t\t\t\t\t<\/div>\n\t\t<\/div>\n\t\t\t\t\t<\/div>\n\t\t<\/section>\n\t\t\t\t<section class=\"elementor-section elementor-top-section elementor-element elementor-element-fee3c29 elementor-reverse-tablet elementor-reverse-mobile elementor-section-boxed elementor-section-height-default elementor-section-height-default\" data-id=\"fee3c29\" data-element_type=\"section\">\n\t\t\t\t\t\t<div class=\"elementor-container elementor-column-gap-default\">\n\t\t\t\t\t<div class=\"elementor-column elementor-col-50 elementor-top-column elementor-element elementor-element-2ea06e9 elementor-invisible\" data-id=\"2ea06e9\" data-element_type=\"column\" data-settings=\"{&quot;background_background&quot;:&quot;classic&quot;,&quot;animation&quot;:&quot;fadeInLeft&quot;,&quot;animation_delay&quot;:200}\">\n\t\t\t<div class=\"elementor-widget-wrap elementor-element-populated\">\n\t\t\t\t\t\t<div class=\"elementor-element elementor-element-35fce1c elementor-widget elementor-widget-image\" data-id=\"35fce1c\" data-element_type=\"widget\" data-widget_type=\"image.default\">\n\t\t\t\t<div class=\"elementor-widget-container\">\n\t\t\t\t\t\t\t\t\t\t\t\t\t\t\t<img fetchpriority=\"high\" decoding=\"async\" width=\"912\" height=\"1008\" src=\"https:\/\/conseko.rs\/wp-content\/uploads\/2025\/07\/solarne-elektrane-1.webp\" class=\"attachment-full size-full wp-image-667\" alt=\"monta\u017ea solarnih panela\" srcset=\"https:\/\/conseko.rs\/wp-content\/uploads\/2025\/07\/solarne-elektrane-1.webp 912w, https:\/\/conseko.rs\/wp-content\/uploads\/2025\/07\/solarne-elektrane-1-271x300.webp 271w, https:\/\/conseko.rs\/wp-content\/uploads\/2025\/07\/solarne-elektrane-1-768x849.webp 768w\" sizes=\"(max-width: 912px) 100vw, 912px\" \/>\t\t\t\t\t\t\t\t\t\t\t\t\t\t\t<\/div>\n\t\t\t\t<\/div>\n\t\t\t\t\t<\/div>\n\t\t<\/div>\n\t\t\t\t<div class=\"elementor-column elementor-col-50 elementor-top-column elementor-element elementor-element-2a8e526\" data-id=\"2a8e526\" data-element_type=\"column\">\n\t\t\t<div class=\"elementor-widget-wrap elementor-element-populated\">\n\t\t\t\t\t\t<div class=\"elementor-element elementor-element-ef9945e elementor-invisible elementor-widget elementor-widget-heading\" data-id=\"ef9945e\" data-element_type=\"widget\" data-settings=\"{&quot;_animation&quot;:&quot;fadeInUp&quot;,&quot;_animation_delay&quot;:300}\" data-widget_type=\"heading.default\">\n\t\t\t\t<div class=\"elementor-widget-container\">\n\t\t\t\t\t<h2 class=\"elementor-heading-title elementor-size-default\">Re\u0161enja za rezervno napajanje<\/h2>\t\t\t\t<\/div>\n\t\t\t\t<\/div>\n\t\t\t\t<div class=\"elementor-element elementor-element-f425386 elementor-invisible elementor-widget elementor-widget-text-editor\" data-id=\"f425386\" data-element_type=\"widget\" data-settings=\"{&quot;_animation&quot;:&quot;fadeInUp&quot;,&quot;_animation_delay&quot;:400}\" data-widget_type=\"text-editor.default\">\n\t\t\t\t<div class=\"elementor-widget-container\">\n\t\t\t\t\t\t\t\t\t<p id=\"87bf-ea78-5f6b-d17c\">Standardne opcije:<\/p><table id=\"0a04-88f3-3ba4-3fb5\" border=\"0\" width=\"100%\" cellspacing=\"0\" cellpadding=\"0\"><tbody><tr><td>Besprekidno napajanje<\/td><td>1000W<\/td><td>15000W<\/td><td>50000W<\/td><\/tr><tr><td>Rezerva energije<\/td><td>1kWh \u2013 3kWh<\/td><td>30kWh \u2013 60 kWh<\/td><td>100kWh \u2013 200kWh<\/td><\/tr><\/tbody><\/table><p><br \/>Nudimo i ve\u0107e sisteme prema va\u0161em zahtevu. Sa skladi\u0161tenjem energije do 500kWh i snagom sistema od 15W do 400 kW, u mogu\u0107nosti smo da ponudimo podesna i profesionalna re\u0161enja za besprekidno napajanje. Vi\u0161e detalja opisano je na stranici\u00a0<a title=\"Skladi\u0161tenje energije - Conseko\" href=\"https:\/\/conseko.rs\/en\/skladistenje-energije-baterijski-sistemi-za-stabilno-napajanje\/\">baterijsko skladi\u0161tenje energije\u00a0<\/a>.<\/p>\t\t\t\t\t\t\t\t<\/div>\n\t\t\t\t<\/div>\n\t\t\t\t\t<\/div>\n\t\t<\/div>\n\t\t\t\t\t<\/div>\n\t\t<\/section>\n\t\t\t\t<\/div>","protected":false},"excerpt":{"rendered":"<p>Neprekidno napajanje Neprekidno vi\u0161e\u010dasovno napajanje Nestanak struje danas nije tolika retkost, posebno u uslovima vremenskih nepogoda. Conseko d.o.o. izra\u0111uje i [&hellip;]<\/p>","protected":false},"author":1,"featured_media":0,"parent":0,"menu_order":0,"comment_status":"closed","ping_status":"closed","template":"","meta":{"site-sidebar-layout":"no-sidebar","site-content-layout":"","ast-site-content-layout":"full-width-container","site-content-style":"default","site-sidebar-style":"default","ast-global-header-display":"","ast-banner-title-visibility":"","ast-main-header-display":"","ast-hfb-above-header-display":"","ast-hfb-below-header-display":"","ast-hfb-mobile-header-display":"","site-post-title":"disabled","ast-breadcrumbs-content":"","ast-featured-img":"disabled","footer-sml-layout":"","theme-transparent-header-meta":"","adv-header-id-meta":"","stick-header-meta":"","header-above-stick-meta":"","header-main-stick-meta":"","header-below-stick-meta":"","astra-migrate-meta-layouts":"default","ast-page-background-enabled":"default","ast-page-background-meta":{"desktop":{"background-color":"var(--ast-global-color-5)","background-image":"","background-repeat":"repeat","background-position":"center center","background-size":"auto","background-attachment":"scroll","background-type":"","background-media":"","overlay-type":"","overlay-color":"","overlay-opacity":"","overlay-gradient":""},"tablet":{"background-color":"","background-image":"","background-repeat":"repeat","background-position":"center center","background-size":"auto","background-attachment":"scroll","background-type":"","background-media":"","overlay-type":"","overlay-color":"","overlay-opacity":"","overlay-gradient":""},"mobile":{"background-color":"","background-image":"","background-repeat":"repeat","background-position":"center center","background-size":"auto","background-attachment":"scroll","background-type":"","background-media":"","overlay-type":"","overlay-color":"","overlay-opacity":"","overlay-gradient":""}},"ast-content-background-meta":{"desktop":{"background-color":"var(--ast-global-color-4)","background-image":"","background-repeat":"repeat","background-position":"center center","background-size":"auto","background-attachment":"scroll","background-type":"","background-media":"","overlay-type":"","overlay-color":"","overlay-opacity":"","overlay-gradient":""},"tablet":{"background-color":"var(--ast-global-color-4)","background-image":"","background-repeat":"repeat","background-position":"center center","background-size":"auto","background-attachment":"scroll","background-type":"","background-media":"","overlay-type":"","overlay-color":"","overlay-opacity":"","overlay-gradient":""},"mobile":{"background-color":"var(--ast-global-color-4)","background-image":"","background-repeat":"repeat","background-position":"center center","background-size":"auto","background-attachment":"scroll","background-type":"","background-media":"","overlay-type":"","overlay-color":"","overlay-opacity":"","overlay-gradient":""}},"footnotes":""},"class_list":["post-1230","page","type-page","status-publish","hentry"],"yoast_head":"<!-- This site is optimized with the Yoast SEO plugin v25.4 - https:\/\/yoast.com\/wordpress\/plugins\/seo\/ -->\n<title>Neprekidno napajanje - Conseko - Solarna re\u0161enja za doma\u0107instva i industriju<\/title>\n<meta name=\"description\" content=\"UPS sistemi za neprekidno napajanje - rezervna energije do 2 dana. Baterijsko skladi\u0161tenje za dom i biznis dostupno u celoj Srbiji\" \/>\n<meta name=\"robots\" content=\"index, follow, max-snippet:-1, max-image-preview:large, max-video-preview:-1\" \/>\n<link rel=\"canonical\" href=\"https:\/\/conseko.rs\/en\/neprekidno-napajanje\/\" \/>\n<meta property=\"og:locale\" content=\"en_US\" \/>\n<meta property=\"og:type\" content=\"article\" \/>\n<meta property=\"og:title\" content=\"Neprekidno napajanje - Conseko - Solarna re\u0161enja za doma\u0107instva i industriju\" \/>\n<meta property=\"og:description\" content=\"UPS sistemi za neprekidno napajanje - rezervna energije do 2 dana. Baterijsko skladi\u0161tenje za dom i biznis dostupno u celoj Srbiji\" \/>\n<meta property=\"og:url\" content=\"https:\/\/conseko.rs\/en\/neprekidno-napajanje\/\" \/>\n<meta property=\"og:site_name\" content=\"Conseko - Solarna re\u0161enja za doma\u0107instva i industriju\" \/>\n<meta property=\"article:publisher\" content=\"https:\/\/www.facebook.com\/ConsekoSolarniSistemi\/\" \/>\n<meta property=\"article:modified_time\" content=\"2025-07-13T14:45:35+00:00\" \/>\n<meta property=\"og:image\" content=\"https:\/\/conseko.rs\/wp-content\/uploads\/2025\/07\/solarne-elektrane-1.webp\" \/>\n<meta name=\"twitter:card\" content=\"summary_large_image\" \/>\n<meta name=\"twitter:site\" content=\"@twitconseko\" \/>\n<meta name=\"twitter:label1\" content=\"Est. reading time\" \/>\n\t<meta name=\"twitter:data1\" content=\"2 minutes\" \/>\n<script type=\"application\/ld+json\" class=\"yoast-schema-graph\">{\"@context\":\"https:\/\/schema.org\",\"@graph\":[{\"@type\":\"WebPage\",\"@id\":\"https:\/\/conseko.rs\/neprekidno-napajanje\/\",\"url\":\"https:\/\/conseko.rs\/neprekidno-napajanje\/\",\"name\":\"Neprekidno napajanje - Conseko - Solarna re\u0161enja za doma\u0107instva i industriju\",\"isPartOf\":{\"@id\":\"https:\/\/conseko.rs\/#website\"},\"primaryImageOfPage\":{\"@id\":\"https:\/\/conseko.rs\/neprekidno-napajanje\/#primaryimage\"},\"image\":{\"@id\":\"https:\/\/conseko.rs\/neprekidno-napajanje\/#primaryimage\"},\"thumbnailUrl\":\"https:\/\/conseko.rs\/wp-content\/uploads\/2025\/07\/solarne-elektrane-1.webp\",\"datePublished\":\"2025-07-06T20:31:00+00:00\",\"dateModified\":\"2025-07-13T14:45:35+00:00\",\"description\":\"UPS sistemi za neprekidno napajanje - rezervna energije do 2 dana. Baterijsko skladi\u0161tenje za dom i biznis dostupno u celoj Srbiji\",\"breadcrumb\":{\"@id\":\"https:\/\/conseko.rs\/neprekidno-napajanje\/#breadcrumb\"},\"inLanguage\":\"en-US\",\"potentialAction\":[{\"@type\":\"ReadAction\",\"target\":[\"https:\/\/conseko.rs\/neprekidno-napajanje\/\"]}]},{\"@type\":\"ImageObject\",\"inLanguage\":\"en-US\",\"@id\":\"https:\/\/conseko.rs\/neprekidno-napajanje\/#primaryimage\",\"url\":\"https:\/\/conseko.rs\/wp-content\/uploads\/2025\/07\/solarne-elektrane-1.webp\",\"contentUrl\":\"https:\/\/conseko.rs\/wp-content\/uploads\/2025\/07\/solarne-elektrane-1.webp\"},{\"@type\":\"BreadcrumbList\",\"@id\":\"https:\/\/conseko.rs\/neprekidno-napajanje\/#breadcrumb\",\"itemListElement\":[{\"@type\":\"ListItem\",\"position\":1,\"name\":\"Home\",\"item\":\"https:\/\/conseko.rs\/\"},{\"@type\":\"ListItem\",\"position\":2,\"name\":\"Neprekidno napajanje\"}]},{\"@type\":\"WebSite\",\"@id\":\"https:\/\/conseko.rs\/#website\",\"url\":\"https:\/\/conseko.rs\/\",\"name\":\"Conseko\",\"description\":\"Od ku\u0107nih solarnih elektrana i energetski nezavisnih sistema, preko agrovoltaika, do solarnih fasada i nadstre\u0161nica \u2013 nudimo prodaju i ugradnju solarnih panela\",\"publisher\":{\"@id\":\"https:\/\/conseko.rs\/#organization\"},\"alternateName\":\"Conseko Beograd doo\",\"potentialAction\":[{\"@type\":\"SearchAction\",\"target\":{\"@type\":\"EntryPoint\",\"urlTemplate\":\"https:\/\/conseko.rs\/?s={search_term_string}\"},\"query-input\":{\"@type\":\"PropertyValueSpecification\",\"valueRequired\":true,\"valueName\":\"search_term_string\"}}],\"inLanguage\":\"en-US\"},{\"@type\":\"Organization\",\"@id\":\"https:\/\/conseko.rs\/#organization\",\"name\":\"Conseko doo\",\"alternateName\":\"Conseko doo Beograd\",\"url\":\"https:\/\/conseko.rs\/\",\"logo\":{\"@type\":\"ImageObject\",\"inLanguage\":\"en-US\",\"@id\":\"https:\/\/conseko.rs\/#\/schema\/logo\/image\/\",\"url\":\"https:\/\/conseko.rs\/wp-content\/uploads\/2025\/06\/favicon.png\",\"contentUrl\":\"https:\/\/conseko.rs\/wp-content\/uploads\/2025\/06\/favicon.png\",\"width\":48,\"height\":42,\"caption\":\"Conseko doo\"},\"image\":{\"@id\":\"https:\/\/conseko.rs\/#\/schema\/logo\/image\/\"},\"sameAs\":[\"https:\/\/www.facebook.com\/ConsekoSolarniSistemi\/\",\"https:\/\/x.com\/twitconseko\",\"https:\/\/www.linkedin.com\/company\/conseko-doo\/\",\"https:\/\/www.instagram.com\/solarnipaneliconseko\/\"]}]}<\/script>\n<!-- \/ Yoast SEO plugin. -->","yoast_head_json":{"title":"Neprekidno napajanje - Conseko - Solarna re\u0161enja za doma\u0107instva i industriju","description":"UPS sistemi za neprekidno napajanje - rezervna energije do 2 dana. Baterijsko skladi\u0161tenje za dom i biznis dostupno u celoj Srbiji","robots":{"index":"index","follow":"follow","max-snippet":"max-snippet:-1","max-image-preview":"max-image-preview:large","max-video-preview":"max-video-preview:-1"},"canonical":"https:\/\/conseko.rs\/en\/neprekidno-napajanje\/","og_locale":"en_US","og_type":"article","og_title":"Neprekidno napajanje - Conseko - Solarna re\u0161enja za doma\u0107instva i industriju","og_description":"UPS sistemi za neprekidno napajanje - rezervna energije do 2 dana. Baterijsko skladi\u0161tenje za dom i biznis dostupno u celoj Srbiji","og_url":"https:\/\/conseko.rs\/en\/neprekidno-napajanje\/","og_site_name":"Conseko - Solarna re\u0161enja za doma\u0107instva i industriju","article_publisher":"https:\/\/www.facebook.com\/ConsekoSolarniSistemi\/","article_modified_time":"2025-07-13T14:45:35+00:00","og_image":[{"url":"https:\/\/conseko.rs\/wp-content\/uploads\/2025\/07\/solarne-elektrane-1.webp","type":"","width":"","height":""}],"twitter_card":"summary_large_image","twitter_site":"@twitconseko","twitter_misc":{"Est. reading time":"2 minutes"},"schema":{"@context":"https:\/\/schema.org","@graph":[{"@type":"WebPage","@id":"https:\/\/conseko.rs\/neprekidno-napajanje\/","url":"https:\/\/conseko.rs\/neprekidno-napajanje\/","name":"Neprekidno napajanje - Conseko - Solarna re\u0161enja za doma\u0107instva i industriju","isPartOf":{"@id":"https:\/\/conseko.rs\/#website"},"primaryImageOfPage":{"@id":"https:\/\/conseko.rs\/neprekidno-napajanje\/#primaryimage"},"image":{"@id":"https:\/\/conseko.rs\/neprekidno-napajanje\/#primaryimage"},"thumbnailUrl":"https:\/\/conseko.rs\/wp-content\/uploads\/2025\/07\/solarne-elektrane-1.webp","datePublished":"2025-07-06T20:31:00+00:00","dateModified":"2025-07-13T14:45:35+00:00","description":"UPS sistemi za neprekidno napajanje - rezervna energije do 2 dana. Baterijsko skladi\u0161tenje za dom i biznis dostupno u celoj Srbiji","breadcrumb":{"@id":"https:\/\/conseko.rs\/neprekidno-napajanje\/#breadcrumb"},"inLanguage":"en-US","potentialAction":[{"@type":"ReadAction","target":["https:\/\/conseko.rs\/neprekidno-napajanje\/"]}]},{"@type":"ImageObject","inLanguage":"en-US","@id":"https:\/\/conseko.rs\/neprekidno-napajanje\/#primaryimage","url":"https:\/\/conseko.rs\/wp-content\/uploads\/2025\/07\/solarne-elektrane-1.webp","contentUrl":"https:\/\/conseko.rs\/wp-content\/uploads\/2025\/07\/solarne-elektrane-1.webp"},{"@type":"BreadcrumbList","@id":"https:\/\/conseko.rs\/neprekidno-napajanje\/#breadcrumb","itemListElement":[{"@type":"ListItem","position":1,"name":"Home","item":"https:\/\/conseko.rs\/"},{"@type":"ListItem","position":2,"name":"Neprekidno napajanje"}]},{"@type":"WebSite","@id":"https:\/\/conseko.rs\/#website","url":"https:\/\/conseko.rs\/","name":"Conseko","description":"Od ku\u0107nih solarnih elektrana i energetski nezavisnih sistema, preko agrovoltaika, do solarnih fasada i nadstre\u0161nica \u2013 nudimo prodaju i ugradnju solarnih panela","publisher":{"@id":"https:\/\/conseko.rs\/#organization"},"alternateName":"Conseko Beograd doo","potentialAction":[{"@type":"SearchAction","target":{"@type":"EntryPoint","urlTemplate":"https:\/\/conseko.rs\/?s={search_term_string}"},"query-input":{"@type":"PropertyValueSpecification","valueRequired":true,"valueName":"search_term_string"}}],"inLanguage":"en-US"},{"@type":"Organization","@id":"https:\/\/conseko.rs\/#organization","name":"Conseko doo","alternateName":"Conseko doo Beograd","url":"https:\/\/conseko.rs\/","logo":{"@type":"ImageObject","inLanguage":"en-US","@id":"https:\/\/conseko.rs\/#\/schema\/logo\/image\/","url":"https:\/\/conseko.rs\/wp-content\/uploads\/2025\/06\/favicon.png","contentUrl":"https:\/\/conseko.rs\/wp-content\/uploads\/2025\/06\/favicon.png","width":48,"height":42,"caption":"Conseko doo"},"image":{"@id":"https:\/\/conseko.rs\/#\/schema\/logo\/image\/"},"sameAs":["https:\/\/www.facebook.com\/ConsekoSolarniSistemi\/","https:\/\/x.com\/twitconseko","https:\/\/www.linkedin.com\/company\/conseko-doo\/","https:\/\/www.instagram.com\/solarnipaneliconseko\/"]}]}},"_links":{"self":[{"href":"https:\/\/conseko.rs\/en\/wp-json\/wp\/v2\/pages\/1230","targetHints":{"allow":["GET"]}}],"collection":[{"href":"https:\/\/conseko.rs\/en\/wp-json\/wp\/v2\/pages"}],"about":[{"href":"https:\/\/conseko.rs\/en\/wp-json\/wp\/v2\/types\/page"}],"author":[{"embeddable":true,"href":"https:\/\/conseko.rs\/en\/wp-json\/wp\/v2\/users\/1"}],"replies":[{"embeddable":true,"href":"https:\/\/conseko.rs\/en\/wp-json\/wp\/v2\/comments?post=1230"}],"version-history":[{"count":13,"href":"https:\/\/conseko.rs\/en\/wp-json\/wp\/v2\/pages\/1230\/revisions"}],"predecessor-version":[{"id":1369,"href":"https:\/\/conseko.rs\/en\/wp-json\/wp\/v2\/pages\/1230\/revisions\/1369"}],"wp:attachment":[{"href":"https:\/\/conseko.rs\/en\/wp-json\/wp\/v2\/media?parent=1230"}],"curies":[{"name":"wp","href":"https:\/\/api.w.org\/{rel}","templated":true}]}}