{"id":1246,"date":"2025-07-06T20:37:55","date_gmt":"2025-07-06T20:37:55","guid":{"rendered":"https:\/\/conseko.rs\/?page_id=1246"},"modified":"2025-07-13T16:38:54","modified_gmt":"2025-07-13T14:38:54","slug":"generatori","status":"publish","type":"page","link":"https:\/\/conseko.rs\/en\/generatori\/","title":{"rendered":"Generators"},"content":{"rendered":"<div data-elementor-type=\"wp-page\" data-elementor-id=\"1246\" class=\"elementor elementor-1246\">\n\t\t\t\t\t\t<section class=\"elementor-section elementor-top-section elementor-element elementor-element-25e7fb41 elementor-section-full_width elementor-section-height-default elementor-section-height-default\" data-id=\"25e7fb41\" data-element_type=\"section\" data-settings=\"{&quot;background_background&quot;:&quot;classic&quot;}\">\n\t\t\t\t\t\t\t<div class=\"elementor-background-overlay\"><\/div>\n\t\t\t\t\t\t\t<div class=\"elementor-container elementor-column-gap-default\">\n\t\t\t\t\t<div class=\"elementor-column elementor-col-100 elementor-top-column elementor-element elementor-element-3222a236\" data-id=\"3222a236\" data-element_type=\"column\">\n\t\t\t<div class=\"elementor-widget-wrap elementor-element-populated\">\n\t\t\t\t\t\t<div class=\"elementor-element elementor-element-43b46ec5 elementor-invisible elementor-widget elementor-widget-heading\" data-id=\"43b46ec5\" data-element_type=\"widget\" data-settings=\"{&quot;_animation&quot;:&quot;fadeInUp&quot;,&quot;_animation_delay&quot;:200}\" data-widget_type=\"heading.default\">\n\t\t\t\t<div class=\"elementor-widget-container\">\n\t\t\t\t\t<h2 class=\"elementor-heading-title elementor-size-default\">Generators<\/h2>\t\t\t\t<\/div>\n\t\t\t\t<\/div>\n\t\t\t\t\t<\/div>\n\t\t<\/div>\n\t\t\t\t\t<\/div>\n\t\t<\/section>\n\t\t\t\t<section class=\"elementor-section elementor-top-section elementor-element elementor-element-7fdf5b2 elementor-reverse-tablet elementor-reverse-mobile elementor-section-boxed elementor-section-height-default elementor-section-height-default\" data-id=\"7fdf5b2\" data-element_type=\"section\">\n\t\t\t\t\t\t<div class=\"elementor-container elementor-column-gap-default\">\n\t\t\t\t\t<div class=\"elementor-column elementor-col-50 elementor-top-column elementor-element elementor-element-580896b elementor-invisible\" data-id=\"580896b\" data-element_type=\"column\" data-settings=\"{&quot;background_background&quot;:&quot;classic&quot;,&quot;animation&quot;:&quot;fadeInLeft&quot;,&quot;animation_delay&quot;:200}\">\n\t\t\t<div class=\"elementor-widget-wrap elementor-element-populated\">\n\t\t\t\t\t\t<div class=\"elementor-element elementor-element-437d60c elementor-widget elementor-widget-image\" data-id=\"437d60c\" data-element_type=\"widget\" data-widget_type=\"image.default\">\n\t\t\t\t<div class=\"elementor-widget-container\">\n\t\t\t\t\t\t\t\t\t\t\t\t\t\t\t<img fetchpriority=\"high\" decoding=\"async\" width=\"1024\" height=\"768\" src=\"https:\/\/conseko.rs\/wp-content\/uploads\/2025\/07\/1.webp\" class=\"attachment-full size-full wp-image-1259\" alt=\"dr\u017eavne subvencije za solarnu energiju\" srcset=\"https:\/\/conseko.rs\/wp-content\/uploads\/2025\/07\/1.webp 1024w, https:\/\/conseko.rs\/wp-content\/uploads\/2025\/07\/1-300x225.webp 300w, https:\/\/conseko.rs\/wp-content\/uploads\/2025\/07\/1-768x576.webp 768w\" sizes=\"(max-width: 1024px) 100vw, 1024px\" \/>\t\t\t\t\t\t\t\t\t\t\t\t\t\t\t<\/div>\n\t\t\t\t<\/div>\n\t\t\t\t\t<\/div>\n\t\t<\/div>\n\t\t\t\t<div class=\"elementor-column elementor-col-50 elementor-top-column elementor-element elementor-element-40d342b\" data-id=\"40d342b\" data-element_type=\"column\">\n\t\t\t<div class=\"elementor-widget-wrap elementor-element-populated\">\n\t\t\t\t\t\t<div class=\"elementor-element elementor-element-3147626 elementor-invisible elementor-widget elementor-widget-heading\" data-id=\"3147626\" data-element_type=\"widget\" data-settings=\"{&quot;_animation&quot;:&quot;fadeInUp&quot;,&quot;_animation_delay&quot;:300}\" data-widget_type=\"heading.default\">\n\t\t\t\t<div class=\"elementor-widget-container\">\n\t\t\t\t\t<h2 class=\"elementor-heading-title elementor-size-default\">Generator struje sa solarnim panelima<\/h2>\t\t\t\t<\/div>\n\t\t\t\t<\/div>\n\t\t\t\t<div class=\"elementor-element elementor-element-9e2809d elementor-invisible elementor-widget elementor-widget-text-editor\" data-id=\"9e2809d\" data-element_type=\"widget\" data-settings=\"{&quot;_animation&quot;:&quot;fadeInUp&quot;,&quot;_animation_delay&quot;:400}\" data-widget_type=\"text-editor.default\">\n\t\t\t\t<div class=\"elementor-widget-container\">\n\t\t\t\t\t\t\t\t\t<p>Generator struje na solarnu energiju, proizvodi struju za sopstvene potrebe ili za predaju u distributivnu mre\u017eu.<\/p><p>Generator struje za nezavisno snabdevanje elektri\u010dnom energijom mo\u017ee da koristi te\u010dno gorivo, gas ili obnovljive izvore energije.<\/p><p>Generatori na solarnu energiju \u010desta su zamena za generatore na dizel ili benzin. Generator struje sa solarnim panelima obezbe\u0111uje struju u kontinuitetu i ne proizvodi buku, za razliku od drugih generatora. Fotonaponski solarni generatori poseduju solarne \u0107elije koji energiju svetlosti pretvaraju u elektri\u010dnu. Ukoliko benzinski agregat treba gotovo svakodnevno da radi, mo\u017ee se napraviti velika u\u0161teda kada se uz takav agregat koristi solarni generator.<\/p><p>Kada u jednom sistemu elektri\u010dnu energiju proizvode dizel agregat i generator struje na solarnu energiju, to se naziva hibridni sistem napajanja. U principu, 10 meseci u toku godine mogu da se koriste solarni generatori elektri\u010dne energije. U periodu kada nema dovoljno sunca, prilikom nedostatka potrebne energije uklju\u010duje se dizel agregat.<\/p><p>Vi\u0161e detalja o re\u0161enjima gde se primenjuju solarni generatori struje pogledajte na strani nezavisni sistemi. Snaga koju mogu da poseduju solarni generatori kre\u0107e se naj\u010de\u0161\u0107e od nekoliko vati pa do nekoliko stotina kilovata.<\/p>\t\t\t\t\t\t\t\t<\/div>\n\t\t\t\t<\/div>\n\t\t\t\t\t<\/div>\n\t\t<\/div>\n\t\t\t\t\t<\/div>\n\t\t<\/section>\n\t\t\t\t<section class=\"elementor-section elementor-top-section elementor-element elementor-element-d580826 elementor-section-boxed elementor-section-height-default elementor-section-height-default\" data-id=\"d580826\" data-element_type=\"section\">\n\t\t\t\t\t\t<div class=\"elementor-container elementor-column-gap-default\">\n\t\t\t\t\t<div class=\"elementor-column elementor-col-50 elementor-top-column elementor-element elementor-element-77395fb\" data-id=\"77395fb\" data-element_type=\"column\">\n\t\t\t<div class=\"elementor-widget-wrap elementor-element-populated\">\n\t\t\t\t\t\t<div class=\"elementor-element elementor-element-bc01303 elementor-invisible elementor-widget elementor-widget-heading\" data-id=\"bc01303\" data-element_type=\"widget\" data-settings=\"{&quot;_animation&quot;:&quot;fadeInUp&quot;,&quot;_animation_delay&quot;:300}\" data-widget_type=\"heading.default\">\n\t\t\t\t<div class=\"elementor-widget-container\">\n\t\t\t\t\t<h2 class=\"elementor-heading-title elementor-size-default\">Primeri<\/h2>\t\t\t\t<\/div>\n\t\t\t\t<\/div>\n\t\t\t\t<div class=\"elementor-element elementor-element-a65db2d elementor-invisible elementor-widget elementor-widget-text-editor\" data-id=\"a65db2d\" data-element_type=\"widget\" data-settings=\"{&quot;_animation&quot;:&quot;fadeInUp&quot;,&quot;_animation_delay&quot;:300}\" data-widget_type=\"text-editor.default\">\n\t\t\t\t<div class=\"elementor-widget-container\">\n\t\t\t\t\t\t\t\t\t<table border=\"1\" width=\"84%\" cellspacing=\"0\" cellpadding=\"0\"><tbody align=\"center\"><tr><td width=\"252\" height=\"36\">Model\u00a0<\/td><td width=\"180\">Snaga generatora<\/td><td width=\"180\">Maksimalno<br \/>vr\u0161no optere\u0107enje<\/td><td width=\"180\"><p>Dnevna<br \/>proizvodnja struje<\/p><\/td><\/tr><tr><td width=\"252\" height=\"18\">Generator\u00a0 SunGen 1<\/td><td width=\"180\">4kW<\/td><td width=\"180\">12kW<\/td><td width=\"180\">8kW<\/td><\/tr><tr><td width=\"252\" height=\"18\">Generator\u00a0 SunGen 2<\/td><td width=\"180\">8kW<\/td><td width=\"180\">16kW<\/td><td width=\"180\">20kW<\/td><\/tr><tr><td width=\"252\" height=\"18\">Generator\u00a0 SunGen 3F<\/td><td width=\"180\">15kW (trofazni)<\/td><td width=\"180\">30kW<\/td><td width=\"180\">50kW<\/td><\/tr><\/tbody><\/table><p>Pozovite Conseko d.o.o. da za va\u0161e potrebe odredi odgovaraju\u0107i generator elektri\u010dne energije.<\/p>\t\t\t\t\t\t\t\t<\/div>\n\t\t\t\t<\/div>\n\t\t\t\t\t<\/div>\n\t\t<\/div>\n\t\t\t\t<div class=\"elementor-column elementor-col-50 elementor-top-column elementor-element elementor-element-eee7c5e elementor-invisible\" data-id=\"eee7c5e\" data-element_type=\"column\" data-settings=\"{&quot;animation&quot;:&quot;fadeInRight&quot;,&quot;animation_delay&quot;:300}\">\n\t\t\t<div class=\"elementor-widget-wrap elementor-element-populated\">\n\t\t\t\t\t\t<div class=\"elementor-element elementor-element-6edfcc4 elementor-widget elementor-widget-image\" data-id=\"6edfcc4\" data-element_type=\"widget\" data-widget_type=\"image.default\">\n\t\t\t\t<div class=\"elementor-widget-container\">\n\t\t\t\t\t\t\t\t\t\t\t\t\t\t\t<img decoding=\"async\" width=\"1024\" height=\"768\" src=\"https:\/\/conseko.rs\/wp-content\/uploads\/2025\/07\/2.webp\" class=\"attachment-full size-full wp-image-1260\" alt=\"solarne konsultacije\" srcset=\"https:\/\/conseko.rs\/wp-content\/uploads\/2025\/07\/2.webp 1024w, https:\/\/conseko.rs\/wp-content\/uploads\/2025\/07\/2-300x225.webp 300w, https:\/\/conseko.rs\/wp-content\/uploads\/2025\/07\/2-768x576.webp 768w\" sizes=\"(max-width: 1024px) 100vw, 1024px\" \/>\t\t\t\t\t\t\t\t\t\t\t\t\t\t\t<\/div>\n\t\t\t\t<\/div>\n\t\t\t\t\t<\/div>\n\t\t<\/div>\n\t\t\t\t\t<\/div>\n\t\t<\/section>\n\t\t\t\t<\/div>","protected":false},"excerpt":{"rendered":"<p>Generatori Generator struje sa solarnim panelima Generator struje na solarnu energiju, proizvodi struju za sopstvene potrebe ili za predaju u [&hellip;]<\/p>","protected":false},"author":1,"featured_media":0,"parent":0,"menu_order":0,"comment_status":"closed","ping_status":"closed","template":"","meta":{"site-sidebar-layout":"no-sidebar","site-content-layout":"","ast-site-content-layout":"full-width-container","site-content-style":"default","site-sidebar-style":"default","ast-global-header-display":"","ast-banner-title-visibility":"","ast-main-header-display":"","ast-hfb-above-header-display":"","ast-hfb-below-header-display":"","ast-hfb-mobile-header-display":"","site-post-title":"disabled","ast-breadcrumbs-content":"","ast-featured-img":"disabled","footer-sml-layout":"","theme-transparent-header-meta":"","adv-header-id-meta":"","stick-header-meta":"","header-above-stick-meta":"","header-main-stick-meta":"","header-below-stick-meta":"","astra-migrate-meta-layouts":"default","ast-page-background-enabled":"default","ast-page-background-meta":{"desktop":{"background-color":"var(--ast-global-color-5)","background-image":"","background-repeat":"repeat","background-position":"center center","background-size":"auto","background-attachment":"scroll","background-type":"","background-media":"","overlay-type":"","overlay-color":"","overlay-opacity":"","overlay-gradient":""},"tablet":{"background-color":"","background-image":"","background-repeat":"repeat","background-position":"center center","background-size":"auto","background-attachment":"scroll","background-type":"","background-media":"","overlay-type":"","overlay-color":"","overlay-opacity":"","overlay-gradient":""},"mobile":{"background-color":"","background-image":"","background-repeat":"repeat","background-position":"center center","background-size":"auto","background-attachment":"scroll","background-type":"","background-media":"","overlay-type":"","overlay-color":"","overlay-opacity":"","overlay-gradient":""}},"ast-content-background-meta":{"desktop":{"background-color":"var(--ast-global-color-4)","background-image":"","background-repeat":"repeat","background-position":"center center","background-size":"auto","background-attachment":"scroll","background-type":"","background-media":"","overlay-type":"","overlay-color":"","overlay-opacity":"","overlay-gradient":""},"tablet":{"background-color":"var(--ast-global-color-4)","background-image":"","background-repeat":"repeat","background-position":"center center","background-size":"auto","background-attachment":"scroll","background-type":"","background-media":"","overlay-type":"","overlay-color":"","overlay-opacity":"","overlay-gradient":""},"mobile":{"background-color":"var(--ast-global-color-4)","background-image":"","background-repeat":"repeat","background-position":"center center","background-size":"auto","background-attachment":"scroll","background-type":"","background-media":"","overlay-type":"","overlay-color":"","overlay-opacity":"","overlay-gradient":""}},"footnotes":""},"class_list":["post-1246","page","type-page","status-publish","hentry"],"yoast_head":"<!-- This site is optimized with the Yoast SEO plugin v25.4 - https:\/\/yoast.com\/wordpress\/plugins\/seo\/ -->\n<title>Generatori - Conseko - Solarna re\u0161enja za doma\u0107instva i industriju<\/title>\n<meta name=\"description\" content=\"Solarni generatori elektri\u010dne energije - nezavisno snabdevanje strujom. Kontinuirano napajanje bez buke. Pozovite za konsultacije!\" \/>\n<meta name=\"robots\" content=\"index, follow, max-snippet:-1, max-image-preview:large, max-video-preview:-1\" \/>\n<link rel=\"canonical\" href=\"https:\/\/conseko.rs\/en\/generatori\/\" \/>\n<meta property=\"og:locale\" content=\"en_US\" \/>\n<meta property=\"og:type\" content=\"article\" \/>\n<meta property=\"og:title\" content=\"Generatori - Conseko - Solarna re\u0161enja za doma\u0107instva i industriju\" \/>\n<meta property=\"og:description\" content=\"Solarni generatori elektri\u010dne energije - nezavisno snabdevanje strujom. Kontinuirano napajanje bez buke. Pozovite za konsultacije!\" \/>\n<meta property=\"og:url\" content=\"https:\/\/conseko.rs\/en\/generatori\/\" \/>\n<meta property=\"og:site_name\" content=\"Conseko - Solarna re\u0161enja za doma\u0107instva i industriju\" \/>\n<meta property=\"article:publisher\" content=\"https:\/\/www.facebook.com\/ConsekoSolarniSistemi\/\" \/>\n<meta property=\"article:modified_time\" content=\"2025-07-13T14:38:54+00:00\" \/>\n<meta property=\"og:image\" content=\"https:\/\/conseko.rs\/wp-content\/uploads\/2025\/07\/1.webp\" \/>\n<meta name=\"twitter:card\" content=\"summary_large_image\" \/>\n<meta name=\"twitter:site\" content=\"@twitconseko\" \/>\n<meta name=\"twitter:label1\" content=\"Est. reading time\" \/>\n\t<meta name=\"twitter:data1\" content=\"2 minutes\" \/>\n<script type=\"application\/ld+json\" class=\"yoast-schema-graph\">{\"@context\":\"https:\/\/schema.org\",\"@graph\":[{\"@type\":\"WebPage\",\"@id\":\"https:\/\/conseko.rs\/generatori\/\",\"url\":\"https:\/\/conseko.rs\/generatori\/\",\"name\":\"Generatori - Conseko - Solarna re\u0161enja za doma\u0107instva i industriju\",\"isPartOf\":{\"@id\":\"https:\/\/conseko.rs\/#website\"},\"primaryImageOfPage\":{\"@id\":\"https:\/\/conseko.rs\/generatori\/#primaryimage\"},\"image\":{\"@id\":\"https:\/\/conseko.rs\/generatori\/#primaryimage\"},\"thumbnailUrl\":\"https:\/\/conseko.rs\/wp-content\/uploads\/2025\/07\/1.webp\",\"datePublished\":\"2025-07-06T20:37:55+00:00\",\"dateModified\":\"2025-07-13T14:38:54+00:00\",\"description\":\"Solarni generatori elektri\u010dne energije - nezavisno snabdevanje strujom. Kontinuirano napajanje bez buke. Pozovite za konsultacije!\",\"breadcrumb\":{\"@id\":\"https:\/\/conseko.rs\/generatori\/#breadcrumb\"},\"inLanguage\":\"en-US\",\"potentialAction\":[{\"@type\":\"ReadAction\",\"target\":[\"https:\/\/conseko.rs\/generatori\/\"]}]},{\"@type\":\"ImageObject\",\"inLanguage\":\"en-US\",\"@id\":\"https:\/\/conseko.rs\/generatori\/#primaryimage\",\"url\":\"https:\/\/conseko.rs\/wp-content\/uploads\/2025\/07\/1.webp\",\"contentUrl\":\"https:\/\/conseko.rs\/wp-content\/uploads\/2025\/07\/1.webp\"},{\"@type\":\"BreadcrumbList\",\"@id\":\"https:\/\/conseko.rs\/generatori\/#breadcrumb\",\"itemListElement\":[{\"@type\":\"ListItem\",\"position\":1,\"name\":\"Home\",\"item\":\"https:\/\/conseko.rs\/\"},{\"@type\":\"ListItem\",\"position\":2,\"name\":\"Generatori\"}]},{\"@type\":\"WebSite\",\"@id\":\"https:\/\/conseko.rs\/#website\",\"url\":\"https:\/\/conseko.rs\/\",\"name\":\"Conseko\",\"description\":\"Od ku\u0107nih solarnih elektrana i energetski nezavisnih sistema, preko agrovoltaika, do solarnih fasada i nadstre\u0161nica \u2013 nudimo prodaju i ugradnju solarnih panela\",\"publisher\":{\"@id\":\"https:\/\/conseko.rs\/#organization\"},\"alternateName\":\"Conseko Beograd doo\",\"potentialAction\":[{\"@type\":\"SearchAction\",\"target\":{\"@type\":\"EntryPoint\",\"urlTemplate\":\"https:\/\/conseko.rs\/?s={search_term_string}\"},\"query-input\":{\"@type\":\"PropertyValueSpecification\",\"valueRequired\":true,\"valueName\":\"search_term_string\"}}],\"inLanguage\":\"en-US\"},{\"@type\":\"Organization\",\"@id\":\"https:\/\/conseko.rs\/#organization\",\"name\":\"Conseko doo\",\"alternateName\":\"Conseko doo Beograd\",\"url\":\"https:\/\/conseko.rs\/\",\"logo\":{\"@type\":\"ImageObject\",\"inLanguage\":\"en-US\",\"@id\":\"https:\/\/conseko.rs\/#\/schema\/logo\/image\/\",\"url\":\"https:\/\/conseko.rs\/wp-content\/uploads\/2025\/06\/favicon.png\",\"contentUrl\":\"https:\/\/conseko.rs\/wp-content\/uploads\/2025\/06\/favicon.png\",\"width\":48,\"height\":42,\"caption\":\"Conseko doo\"},\"image\":{\"@id\":\"https:\/\/conseko.rs\/#\/schema\/logo\/image\/\"},\"sameAs\":[\"https:\/\/www.facebook.com\/ConsekoSolarniSistemi\/\",\"https:\/\/x.com\/twitconseko\",\"https:\/\/www.linkedin.com\/company\/conseko-doo\/\",\"https:\/\/www.instagram.com\/solarnipaneliconseko\/\"]}]}<\/script>\n<!-- \/ Yoast SEO plugin. -->","yoast_head_json":{"title":"Generatori - Conseko - Solarna re\u0161enja za doma\u0107instva i industriju","description":"Solarni generatori elektri\u010dne energije - nezavisno snabdevanje strujom. Kontinuirano napajanje bez buke. Pozovite za konsultacije!","robots":{"index":"index","follow":"follow","max-snippet":"max-snippet:-1","max-image-preview":"max-image-preview:large","max-video-preview":"max-video-preview:-1"},"canonical":"https:\/\/conseko.rs\/en\/generatori\/","og_locale":"en_US","og_type":"article","og_title":"Generatori - Conseko - Solarna re\u0161enja za doma\u0107instva i industriju","og_description":"Solarni generatori elektri\u010dne energije - nezavisno snabdevanje strujom. Kontinuirano napajanje bez buke. Pozovite za konsultacije!","og_url":"https:\/\/conseko.rs\/en\/generatori\/","og_site_name":"Conseko - Solarna re\u0161enja za doma\u0107instva i industriju","article_publisher":"https:\/\/www.facebook.com\/ConsekoSolarniSistemi\/","article_modified_time":"2025-07-13T14:38:54+00:00","og_image":[{"url":"https:\/\/conseko.rs\/wp-content\/uploads\/2025\/07\/1.webp","type":"","width":"","height":""}],"twitter_card":"summary_large_image","twitter_site":"@twitconseko","twitter_misc":{"Est. reading time":"2 minutes"},"schema":{"@context":"https:\/\/schema.org","@graph":[{"@type":"WebPage","@id":"https:\/\/conseko.rs\/generatori\/","url":"https:\/\/conseko.rs\/generatori\/","name":"Generatori - Conseko - Solarna re\u0161enja za doma\u0107instva i industriju","isPartOf":{"@id":"https:\/\/conseko.rs\/#website"},"primaryImageOfPage":{"@id":"https:\/\/conseko.rs\/generatori\/#primaryimage"},"image":{"@id":"https:\/\/conseko.rs\/generatori\/#primaryimage"},"thumbnailUrl":"https:\/\/conseko.rs\/wp-content\/uploads\/2025\/07\/1.webp","datePublished":"2025-07-06T20:37:55+00:00","dateModified":"2025-07-13T14:38:54+00:00","description":"Solarni generatori elektri\u010dne energije - nezavisno snabdevanje strujom. Kontinuirano napajanje bez buke. Pozovite za konsultacije!","breadcrumb":{"@id":"https:\/\/conseko.rs\/generatori\/#breadcrumb"},"inLanguage":"en-US","potentialAction":[{"@type":"ReadAction","target":["https:\/\/conseko.rs\/generatori\/"]}]},{"@type":"ImageObject","inLanguage":"en-US","@id":"https:\/\/conseko.rs\/generatori\/#primaryimage","url":"https:\/\/conseko.rs\/wp-content\/uploads\/2025\/07\/1.webp","contentUrl":"https:\/\/conseko.rs\/wp-content\/uploads\/2025\/07\/1.webp"},{"@type":"BreadcrumbList","@id":"https:\/\/conseko.rs\/generatori\/#breadcrumb","itemListElement":[{"@type":"ListItem","position":1,"name":"Home","item":"https:\/\/conseko.rs\/"},{"@type":"ListItem","position":2,"name":"Generatori"}]},{"@type":"WebSite","@id":"https:\/\/conseko.rs\/#website","url":"https:\/\/conseko.rs\/","name":"Conseko","description":"Od ku\u0107nih solarnih elektrana i energetski nezavisnih sistema, preko agrovoltaika, do solarnih fasada i nadstre\u0161nica \u2013 nudimo prodaju i ugradnju solarnih panela","publisher":{"@id":"https:\/\/conseko.rs\/#organization"},"alternateName":"Conseko Beograd doo","potentialAction":[{"@type":"SearchAction","target":{"@type":"EntryPoint","urlTemplate":"https:\/\/conseko.rs\/?s={search_term_string}"},"query-input":{"@type":"PropertyValueSpecification","valueRequired":true,"valueName":"search_term_string"}}],"inLanguage":"en-US"},{"@type":"Organization","@id":"https:\/\/conseko.rs\/#organization","name":"Conseko doo","alternateName":"Conseko doo Beograd","url":"https:\/\/conseko.rs\/","logo":{"@type":"ImageObject","inLanguage":"en-US","@id":"https:\/\/conseko.rs\/#\/schema\/logo\/image\/","url":"https:\/\/conseko.rs\/wp-content\/uploads\/2025\/06\/favicon.png","contentUrl":"https:\/\/conseko.rs\/wp-content\/uploads\/2025\/06\/favicon.png","width":48,"height":42,"caption":"Conseko doo"},"image":{"@id":"https:\/\/conseko.rs\/#\/schema\/logo\/image\/"},"sameAs":["https:\/\/www.facebook.com\/ConsekoSolarniSistemi\/","https:\/\/x.com\/twitconseko","https:\/\/www.linkedin.com\/company\/conseko-doo\/","https:\/\/www.instagram.com\/solarnipaneliconseko\/"]}]}},"_links":{"self":[{"href":"https:\/\/conseko.rs\/en\/wp-json\/wp\/v2\/pages\/1246","targetHints":{"allow":["GET"]}}],"collection":[{"href":"https:\/\/conseko.rs\/en\/wp-json\/wp\/v2\/pages"}],"about":[{"href":"https:\/\/conseko.rs\/en\/wp-json\/wp\/v2\/types\/page"}],"author":[{"embeddable":true,"href":"https:\/\/conseko.rs\/en\/wp-json\/wp\/v2\/users\/1"}],"replies":[{"embeddable":true,"href":"https:\/\/conseko.rs\/en\/wp-json\/wp\/v2\/comments?post=1246"}],"version-history":[{"count":13,"href":"https:\/\/conseko.rs\/en\/wp-json\/wp\/v2\/pages\/1246\/revisions"}],"predecessor-version":[{"id":1372,"href":"https:\/\/conseko.rs\/en\/wp-json\/wp\/v2\/pages\/1246\/revisions\/1372"}],"wp:attachment":[{"href":"https:\/\/conseko.rs\/en\/wp-json\/wp\/v2\/media?parent=1246"}],"curies":[{"name":"wp","href":"https:\/\/api.w.org\/{rel}","templated":true}]}}