{"id":1616,"date":"2026-02-04T11:18:55","date_gmt":"2026-02-04T09:18:55","guid":{"rendered":"https:\/\/conseko.rs\/?page_id=1616"},"modified":"2026-02-05T15:33:16","modified_gmt":"2026-02-05T13:33:16","slug":"prodaja","status":"publish","type":"page","link":"https:\/\/conseko.rs\/en\/prodaja\/","title":{"rendered":"Sales"},"content":{"rendered":"<div data-elementor-type=\"wp-page\" data-elementor-id=\"1616\" class=\"elementor elementor-1616\">\n\t\t\t\t<div class=\"elementor-element elementor-element-13c63960 e-flex e-con-boxed e-con e-parent\" data-id=\"13c63960\" data-element_type=\"container\">\n\t\t\t\t\t<div class=\"e-con-inner\">\n\t\t\t\t<div class=\"elementor-element elementor-element-1ea2e244 elementor-widget elementor-widget-elementskit-heading\" data-id=\"1ea2e244\" data-element_type=\"widget\" data-widget_type=\"elementskit-heading.default\">\n\t\t\t\t<div class=\"elementor-widget-container\">\n\t\t\t\t\t<div class=\"ekit-wid-con\" ><div class=\"ekit-heading elementskit-section-title-wraper text_center   ekit_heading_tablet-   ekit_heading_mobile-\">\t\t\t\t<div class='ekit-heading__description'>\n\t\t\t\t\t<p><strong>Oko detalja i poru\u010divanja molimo Vas da nas kontaktirate na broj 011 2971 995<\/strong><\/p>\n\t\t\t\t<\/div>\n\t\t\t<\/div><\/div>\t\t\t\t<\/div>\n\t\t\t\t<\/div>\n\t\t<div class=\"elementor-element elementor-element-222e9a64 e-con-full e-flex e-con e-child\" data-id=\"222e9a64\" data-element_type=\"container\">\n\t\t\t\t<div class=\"elementor-element elementor-element-72373f03 elementor-widget__width-initial elementor-widget-mobile__width-inherit ekit-equal-height-disable elementor-widget elementor-widget-elementskit-image-box\" data-id=\"72373f03\" data-element_type=\"widget\" data-widget_type=\"elementskit-image-box.default\">\n\t\t\t\t<div class=\"elementor-widget-container\">\n\t\t\t\t\t<div class=\"ekit-wid-con\" >\n            <div class=\"elementskit-info-image-box ekit-image-box text-left shadow-line\" >\n\n                \n                <div class=\"elementskit-box-header image-box-img-left\">\n\n                    <img fetchpriority=\"high\" decoding=\"async\" width=\"510\" height=\"510\" src=\"https:\/\/conseko.rs\/wp-content\/uploads\/2026\/02\/pretvarac-fronius-verto-25-0-on-grid2446.webp\" class=\"attachment-full size-full wp-image-1623\" alt=\"\" srcset=\"https:\/\/conseko.rs\/wp-content\/uploads\/2026\/02\/pretvarac-fronius-verto-25-0-on-grid2446.webp 510w, https:\/\/conseko.rs\/wp-content\/uploads\/2026\/02\/pretvarac-fronius-verto-25-0-on-grid2446-300x300.webp 300w, https:\/\/conseko.rs\/wp-content\/uploads\/2026\/02\/pretvarac-fronius-verto-25-0-on-grid2446-150x150.webp 150w, https:\/\/conseko.rs\/wp-content\/uploads\/2026\/02\/pretvarac-fronius-verto-25-0-on-grid2446-12x12.webp 12w\" sizes=\"(max-width: 510px) 100vw, 510px\" \/>\n                <\/div>\n                \n                <div class=\"elementskit-box-body ekit-image-box-body\">\n                    <div class=\"elementskit-box-content ekit-image-box-body-inner\">\n                                                <h3 class=\"elementskit-info-box-title\">\n\n                        Invertori\n                        \n                    <\/h3>\n                                                            <div class=\"elementskit-box-style-content\">\n                        Velika ponuda invertora premium brendova                    <\/div>\n                                    <\/div>\n\n                                <div class=\"elementskit-box-footer\">\n                    <div class=\"box-footer\">\n                        <div class=\"btn-wraper\">\n                                                            <a href=\"https:\/\/conseko.rs\/en\/invertori-za-solarne-panele\/\" class=\"elementskit-btn whitespace--normal\">\n                                    \n                                    \n                                    Pogledaj ponudu                                <\/a>\n                                                        <\/div>\n                    <\/div>\n                <\/div>\n                            <\/div>\n            <\/div>\n    <\/div>\t\t\t\t<\/div>\n\t\t\t\t<\/div>\n\t\t\t\t<div class=\"elementor-element elementor-element-796a5a94 elementor-widget__width-initial elementor-widget-mobile__width-inherit ekit-equal-height-disable elementor-widget elementor-widget-elementskit-image-box\" data-id=\"796a5a94\" data-element_type=\"widget\" data-widget_type=\"elementskit-image-box.default\">\n\t\t\t\t<div class=\"elementor-widget-container\">\n\t\t\t\t\t<div class=\"ekit-wid-con\" >\n            <div class=\"elementskit-info-image-box ekit-image-box text-left shadow-line\" >\n\n                \n                <div class=\"elementskit-box-header image-box-img-left\">\n\n                    <img decoding=\"async\" src=\"https:\/\/conseko.rs\/wp-content\/uploads\/elementor\/thumbs\/ChatGPT-Image-5.-\u0444\u0435\u0431-2026.-12_40_33-ripeznid9kyxb2r1efp9yelj5vcijtxz25zvcgdilo.png\" title=\"ChatGPT Image 5. \u0444\u0435\u0431 2026. 12_40_33\" alt=\"ChatGPT Image 5. \u0444\u0435\u0431 2026. 12_40_33\" loading=\"lazy\" \/>\n                <\/div>\n                \n                <div class=\"elementskit-box-body ekit-image-box-body\">\n                    <div class=\"elementskit-box-content ekit-image-box-body-inner\">\n                                                <h3 class=\"elementskit-info-box-title\">\n\n                        Solarni paneli\n                        \n                    <\/h3>\n                                                            <div class=\"elementskit-box-style-content\">\n                        Najnoviji fotonaponski paneli za proizvodnju elektri\u010dne energije                    <\/div>\n                                    <\/div>\n\n                                <div class=\"elementskit-box-footer\">\n                    <div class=\"box-footer\">\n                        <div class=\"btn-wraper\">\n                                                            <a href=\"https:\/\/conseko.rs\/en\/solarni-paneli\/\" class=\"elementskit-btn whitespace--normal\">\n                                    \n                                    \n                                    Pogledaj ponudu                                <\/a>\n                                                        <\/div>\n                    <\/div>\n                <\/div>\n                            <\/div>\n            <\/div>\n    <\/div>\t\t\t\t<\/div>\n\t\t\t\t<\/div>\n\t\t\t\t<div class=\"elementor-element elementor-element-7abe94a2 elementor-widget__width-initial elementor-widget-mobile__width-inherit ekit-equal-height-disable elementor-widget elementor-widget-elementskit-image-box\" data-id=\"7abe94a2\" data-element_type=\"widget\" data-widget_type=\"elementskit-image-box.default\">\n\t\t\t\t<div class=\"elementor-widget-container\">\n\t\t\t\t\t<div class=\"ekit-wid-con\" >\n            <div class=\"elementskit-info-image-box ekit-image-box text-left shadow-line\" >\n\n                \n                <div class=\"elementskit-box-header image-box-img-left\">\n\n                    <img decoding=\"async\" src=\"https:\/\/conseko.rs\/wp-content\/uploads\/elementor\/thumbs\/ChatGPT-Image-4.-\u0444\u0435\u0431-2026.-10_07_02-rinhmcwtsgd1n47kugt4y37eji6z9auw1pg5i94zu4.png\" title=\"ChatGPT Image 4. \u0444\u0435\u0431 2026. 10_07_02\" alt=\"ChatGPT Image 4. \u0444\u0435\u0431 2026. 10_07_02\" loading=\"lazy\" \/>\n                <\/div>\n                \n                <div class=\"elementskit-box-body ekit-image-box-body\">\n                    <div class=\"elementskit-box-content ekit-image-box-body-inner\">\n                                                <h3 class=\"elementskit-info-box-title\">\n\n                        Konstrukcije\n                        \n                    <\/h3>\n                                                            <div class=\"elementskit-box-style-content\">\n                        Stub svakog solarnog sistema u raznim varijantama                    <\/div>\n                                    <\/div>\n\n                                <div class=\"elementskit-box-footer\">\n                    <div class=\"box-footer\">\n                        <div class=\"btn-wraper\">\n                                                            <a href=\"#\" class=\"elementskit-btn whitespace--normal\">\n                                    \n                                    \n                                    Pogledaj ponudu                                <\/a>\n                                                        <\/div>\n                    <\/div>\n                <\/div>\n                            <\/div>\n            <\/div>\n    <\/div>\t\t\t\t<\/div>\n\t\t\t\t<\/div>\n\t\t\t\t<\/div>\n\t\t\t\t<div class=\"elementor-element elementor-element-67aa102 elementor-widget elementor-widget-heading\" data-id=\"67aa102\" data-element_type=\"widget\" data-widget_type=\"heading.default\">\n\t\t\t\t<div class=\"elementor-widget-container\">\n\t\t\t\t\t<h2 class=\"elementor-heading-title elementor-size-default\">Conseko nudi veliki asortiman solarne opreme<\/h2>\t\t\t\t<\/div>\n\t\t\t\t<\/div>\n\t\t\t\t\t<\/div>\n\t\t\t\t<\/div>\n\t\t\t\t<\/div>","protected":false},"excerpt":{"rendered":"<p>Oko detalja i poru\u010divanja molimo Vas da nas kontaktirate na broj 011 2971 995 Invertori Velika ponuda invertora premium brendova [&hellip;]<\/p>","protected":false},"author":1,"featured_media":0,"parent":0,"menu_order":0,"comment_status":"closed","ping_status":"closed","template":"","meta":{"site-sidebar-layout":"no-sidebar","site-content-layout":"","ast-site-content-layout":"full-width-container","site-content-style":"default","site-sidebar-style":"default","ast-global-header-display":"","ast-banner-title-visibility":"","ast-main-header-display":"","ast-hfb-above-header-display":"","ast-hfb-below-header-display":"","ast-hfb-mobile-header-display":"","site-post-title":"disabled","ast-breadcrumbs-content":"","ast-featured-img":"disabled","footer-sml-layout":"","theme-transparent-header-meta":"","adv-header-id-meta":"","stick-header-meta":"","header-above-stick-meta":"","header-main-stick-meta":"","header-below-stick-meta":"","astra-migrate-meta-layouts":"default","ast-page-background-enabled":"default","ast-page-background-meta":{"desktop":{"background-color":"var(--ast-global-color-5)","background-image":"","background-repeat":"repeat","background-position":"center center","background-size":"auto","background-attachment":"scroll","background-type":"","background-media":"","overlay-type":"","overlay-color":"","overlay-opacity":"","overlay-gradient":""},"tablet":{"background-color":"","background-image":"","background-repeat":"repeat","background-position":"center center","background-size":"auto","background-attachment":"scroll","background-type":"","background-media":"","overlay-type":"","overlay-color":"","overlay-opacity":"","overlay-gradient":""},"mobile":{"background-color":"","background-image":"","background-repeat":"repeat","background-position":"center center","background-size":"auto","background-attachment":"scroll","background-type":"","background-media":"","overlay-type":"","overlay-color":"","overlay-opacity":"","overlay-gradient":""}},"ast-content-background-meta":{"desktop":{"background-color":"var(--ast-global-color-4)","background-image":"","background-repeat":"repeat","background-position":"center center","background-size":"auto","background-attachment":"scroll","background-type":"","background-media":"","overlay-type":"","overlay-color":"","overlay-opacity":"","overlay-gradient":""},"tablet":{"background-color":"var(--ast-global-color-4)","background-image":"","background-repeat":"repeat","background-position":"center center","background-size":"auto","background-attachment":"scroll","background-type":"","background-media":"","overlay-type":"","overlay-color":"","overlay-opacity":"","overlay-gradient":""},"mobile":{"background-color":"var(--ast-global-color-4)","background-image":"","background-repeat":"repeat","background-position":"center center","background-size":"auto","background-attachment":"scroll","background-type":"","background-media":"","overlay-type":"","overlay-color":"","overlay-opacity":"","overlay-gradient":""}},"footnotes":""},"class_list":["post-1616","page","type-page","status-publish","hentry"],"yoast_head":"<!-- This site is optimized with the Yoast SEO plugin v25.4 - https:\/\/yoast.com\/wordpress\/plugins\/seo\/ -->\n<title>Prodaja - Conseko - Solarna re\u0161enja za doma\u0107instva i industriju<\/title>\n<meta name=\"robots\" content=\"index, follow, max-snippet:-1, max-image-preview:large, max-video-preview:-1\" \/>\n<link rel=\"canonical\" href=\"https:\/\/conseko.rs\/en\/prodaja\/\" \/>\n<meta property=\"og:locale\" content=\"en_US\" \/>\n<meta property=\"og:type\" content=\"article\" \/>\n<meta property=\"og:title\" content=\"Prodaja - Conseko - Solarna re\u0161enja za doma\u0107instva i industriju\" \/>\n<meta property=\"og:description\" content=\"Oko detalja i poru\u010divanja molimo Vas da nas kontaktirate na broj 011 2971 995 Invertori Velika ponuda invertora premium brendova [&hellip;]\" \/>\n<meta property=\"og:url\" content=\"https:\/\/conseko.rs\/en\/prodaja\/\" \/>\n<meta property=\"og:site_name\" content=\"Conseko - Solarna re\u0161enja za doma\u0107instva i industriju\" \/>\n<meta property=\"article:publisher\" content=\"https:\/\/www.facebook.com\/ConsekoSolarniSistemi\/\" \/>\n<meta property=\"article:modified_time\" content=\"2026-02-05T13:33:16+00:00\" \/>\n<meta property=\"og:image\" content=\"https:\/\/conseko.rs\/wp-content\/uploads\/2026\/02\/pretvarac-fronius-verto-25-0-on-grid2446.webp\" \/>\n\t<meta property=\"og:image:width\" content=\"510\" \/>\n\t<meta property=\"og:image:height\" content=\"510\" \/>\n\t<meta property=\"og:image:type\" content=\"image\/webp\" \/>\n<meta name=\"twitter:card\" content=\"summary_large_image\" \/>\n<meta name=\"twitter:site\" content=\"@twitconseko\" \/>\n<meta name=\"twitter:label1\" content=\"Est. reading time\" \/>\n\t<meta name=\"twitter:data1\" content=\"1 minute\" \/>\n<script type=\"application\/ld+json\" class=\"yoast-schema-graph\">{\"@context\":\"https:\/\/schema.org\",\"@graph\":[{\"@type\":\"WebPage\",\"@id\":\"https:\/\/conseko.rs\/prodaja\/\",\"url\":\"https:\/\/conseko.rs\/prodaja\/\",\"name\":\"Prodaja - Conseko - Solarna re\u0161enja za doma\u0107instva i industriju\",\"isPartOf\":{\"@id\":\"https:\/\/conseko.rs\/#website\"},\"primaryImageOfPage\":{\"@id\":\"https:\/\/conseko.rs\/prodaja\/#primaryimage\"},\"image\":{\"@id\":\"https:\/\/conseko.rs\/prodaja\/#primaryimage\"},\"thumbnailUrl\":\"https:\/\/conseko.rs\/wp-content\/uploads\/2026\/02\/pretvarac-fronius-verto-25-0-on-grid2446.webp\",\"datePublished\":\"2026-02-04T09:18:55+00:00\",\"dateModified\":\"2026-02-05T13:33:16+00:00\",\"breadcrumb\":{\"@id\":\"https:\/\/conseko.rs\/prodaja\/#breadcrumb\"},\"inLanguage\":\"en-US\",\"potentialAction\":[{\"@type\":\"ReadAction\",\"target\":[\"https:\/\/conseko.rs\/prodaja\/\"]}]},{\"@type\":\"ImageObject\",\"inLanguage\":\"en-US\",\"@id\":\"https:\/\/conseko.rs\/prodaja\/#primaryimage\",\"url\":\"https:\/\/conseko.rs\/wp-content\/uploads\/2026\/02\/pretvarac-fronius-verto-25-0-on-grid2446.webp\",\"contentUrl\":\"https:\/\/conseko.rs\/wp-content\/uploads\/2026\/02\/pretvarac-fronius-verto-25-0-on-grid2446.webp\"},{\"@type\":\"BreadcrumbList\",\"@id\":\"https:\/\/conseko.rs\/prodaja\/#breadcrumb\",\"itemListElement\":[{\"@type\":\"ListItem\",\"position\":1,\"name\":\"Home\",\"item\":\"https:\/\/conseko.rs\/\"},{\"@type\":\"ListItem\",\"position\":2,\"name\":\"Prodaja\"}]},{\"@type\":\"WebSite\",\"@id\":\"https:\/\/conseko.rs\/#website\",\"url\":\"https:\/\/conseko.rs\/\",\"name\":\"Conseko\",\"description\":\"Od ku\u0107nih solarnih elektrana i energetski nezavisnih sistema, preko agrovoltaika, do solarnih fasada i nadstre\u0161nica \u2013 nudimo prodaju i ugradnju solarnih panela\",\"publisher\":{\"@id\":\"https:\/\/conseko.rs\/#organization\"},\"alternateName\":\"Conseko Beograd doo\",\"potentialAction\":[{\"@type\":\"SearchAction\",\"target\":{\"@type\":\"EntryPoint\",\"urlTemplate\":\"https:\/\/conseko.rs\/?s={search_term_string}\"},\"query-input\":{\"@type\":\"PropertyValueSpecification\",\"valueRequired\":true,\"valueName\":\"search_term_string\"}}],\"inLanguage\":\"en-US\"},{\"@type\":\"Organization\",\"@id\":\"https:\/\/conseko.rs\/#organization\",\"name\":\"Conseko doo\",\"alternateName\":\"Conseko doo Beograd\",\"url\":\"https:\/\/conseko.rs\/\",\"logo\":{\"@type\":\"ImageObject\",\"inLanguage\":\"en-US\",\"@id\":\"https:\/\/conseko.rs\/#\/schema\/logo\/image\/\",\"url\":\"https:\/\/conseko.rs\/wp-content\/uploads\/2025\/06\/favicon.png\",\"contentUrl\":\"https:\/\/conseko.rs\/wp-content\/uploads\/2025\/06\/favicon.png\",\"width\":48,\"height\":42,\"caption\":\"Conseko doo\"},\"image\":{\"@id\":\"https:\/\/conseko.rs\/#\/schema\/logo\/image\/\"},\"sameAs\":[\"https:\/\/www.facebook.com\/ConsekoSolarniSistemi\/\",\"https:\/\/x.com\/twitconseko\",\"https:\/\/www.linkedin.com\/company\/conseko-doo\/\",\"https:\/\/www.instagram.com\/solarnipaneliconseko\/\"]}]}<\/script>\n<!-- \/ Yoast SEO plugin. -->","yoast_head_json":{"title":"Prodaja - Conseko - Solarna re\u0161enja za doma\u0107instva i industriju","robots":{"index":"index","follow":"follow","max-snippet":"max-snippet:-1","max-image-preview":"max-image-preview:large","max-video-preview":"max-video-preview:-1"},"canonical":"https:\/\/conseko.rs\/en\/prodaja\/","og_locale":"en_US","og_type":"article","og_title":"Prodaja - Conseko - Solarna re\u0161enja za doma\u0107instva i industriju","og_description":"Oko detalja i poru\u010divanja molimo Vas da nas kontaktirate na broj 011 2971 995 Invertori Velika ponuda invertora premium brendova [&hellip;]","og_url":"https:\/\/conseko.rs\/en\/prodaja\/","og_site_name":"Conseko - Solarna re\u0161enja za doma\u0107instva i industriju","article_publisher":"https:\/\/www.facebook.com\/ConsekoSolarniSistemi\/","article_modified_time":"2026-02-05T13:33:16+00:00","og_image":[{"width":510,"height":510,"url":"https:\/\/conseko.rs\/wp-content\/uploads\/2026\/02\/pretvarac-fronius-verto-25-0-on-grid2446.webp","type":"image\/webp"}],"twitter_card":"summary_large_image","twitter_site":"@twitconseko","twitter_misc":{"Est. reading time":"1 minute"},"schema":{"@context":"https:\/\/schema.org","@graph":[{"@type":"WebPage","@id":"https:\/\/conseko.rs\/prodaja\/","url":"https:\/\/conseko.rs\/prodaja\/","name":"Prodaja - Conseko - Solarna re\u0161enja za doma\u0107instva i industriju","isPartOf":{"@id":"https:\/\/conseko.rs\/#website"},"primaryImageOfPage":{"@id":"https:\/\/conseko.rs\/prodaja\/#primaryimage"},"image":{"@id":"https:\/\/conseko.rs\/prodaja\/#primaryimage"},"thumbnailUrl":"https:\/\/conseko.rs\/wp-content\/uploads\/2026\/02\/pretvarac-fronius-verto-25-0-on-grid2446.webp","datePublished":"2026-02-04T09:18:55+00:00","dateModified":"2026-02-05T13:33:16+00:00","breadcrumb":{"@id":"https:\/\/conseko.rs\/prodaja\/#breadcrumb"},"inLanguage":"en-US","potentialAction":[{"@type":"ReadAction","target":["https:\/\/conseko.rs\/prodaja\/"]}]},{"@type":"ImageObject","inLanguage":"en-US","@id":"https:\/\/conseko.rs\/prodaja\/#primaryimage","url":"https:\/\/conseko.rs\/wp-content\/uploads\/2026\/02\/pretvarac-fronius-verto-25-0-on-grid2446.webp","contentUrl":"https:\/\/conseko.rs\/wp-content\/uploads\/2026\/02\/pretvarac-fronius-verto-25-0-on-grid2446.webp"},{"@type":"BreadcrumbList","@id":"https:\/\/conseko.rs\/prodaja\/#breadcrumb","itemListElement":[{"@type":"ListItem","position":1,"name":"Home","item":"https:\/\/conseko.rs\/"},{"@type":"ListItem","position":2,"name":"Prodaja"}]},{"@type":"WebSite","@id":"https:\/\/conseko.rs\/#website","url":"https:\/\/conseko.rs\/","name":"Conseko","description":"Od ku\u0107nih solarnih elektrana i energetski nezavisnih sistema, preko agrovoltaika, do solarnih fasada i nadstre\u0161nica \u2013 nudimo prodaju i ugradnju solarnih panela","publisher":{"@id":"https:\/\/conseko.rs\/#organization"},"alternateName":"Conseko Beograd doo","potentialAction":[{"@type":"SearchAction","target":{"@type":"EntryPoint","urlTemplate":"https:\/\/conseko.rs\/?s={search_term_string}"},"query-input":{"@type":"PropertyValueSpecification","valueRequired":true,"valueName":"search_term_string"}}],"inLanguage":"en-US"},{"@type":"Organization","@id":"https:\/\/conseko.rs\/#organization","name":"Conseko doo","alternateName":"Conseko doo Beograd","url":"https:\/\/conseko.rs\/","logo":{"@type":"ImageObject","inLanguage":"en-US","@id":"https:\/\/conseko.rs\/#\/schema\/logo\/image\/","url":"https:\/\/conseko.rs\/wp-content\/uploads\/2025\/06\/favicon.png","contentUrl":"https:\/\/conseko.rs\/wp-content\/uploads\/2025\/06\/favicon.png","width":48,"height":42,"caption":"Conseko doo"},"image":{"@id":"https:\/\/conseko.rs\/#\/schema\/logo\/image\/"},"sameAs":["https:\/\/www.facebook.com\/ConsekoSolarniSistemi\/","https:\/\/x.com\/twitconseko","https:\/\/www.linkedin.com\/company\/conseko-doo\/","https:\/\/www.instagram.com\/solarnipaneliconseko\/"]}]}},"_links":{"self":[{"href":"https:\/\/conseko.rs\/en\/wp-json\/wp\/v2\/pages\/1616","targetHints":{"allow":["GET"]}}],"collection":[{"href":"https:\/\/conseko.rs\/en\/wp-json\/wp\/v2\/pages"}],"about":[{"href":"https:\/\/conseko.rs\/en\/wp-json\/wp\/v2\/types\/page"}],"author":[{"embeddable":true,"href":"https:\/\/conseko.rs\/en\/wp-json\/wp\/v2\/users\/1"}],"replies":[{"embeddable":true,"href":"https:\/\/conseko.rs\/en\/wp-json\/wp\/v2\/comments?post=1616"}],"version-history":[{"count":49,"href":"https:\/\/conseko.rs\/en\/wp-json\/wp\/v2\/pages\/1616\/revisions"}],"predecessor-version":[{"id":1736,"href":"https:\/\/conseko.rs\/en\/wp-json\/wp\/v2\/pages\/1616\/revisions\/1736"}],"wp:attachment":[{"href":"https:\/\/conseko.rs\/en\/wp-json\/wp\/v2\/media?parent=1616"}],"curies":[{"name":"wp","href":"https:\/\/api.w.org\/{rel}","templated":true}]}}